{"id":23364789,"date":"2023-07-25T13:14:01","date_gmt":"2023-07-25T11:14:01","guid":{"rendered":"https:\/\/youthies.eu\/vlogs\/"},"modified":"2025-04-28T07:41:13","modified_gmt":"2025-04-28T05:41:13","slug":"vlogs","status":"publish","type":"page","link":"https:\/\/youthies.eu\/es\/vlogs\/","title":{"rendered":"Vlogs"},"content":{"rendered":"<p>[et_pb_section fb_built=\u00bb1&#8243; _builder_version=\u00bb4.20.4&#8243; _module_preset=\u00bbdefault\u00bb background_color=\u00bb#75f0c3&#8243; custom_margin=\u00bb||||false|false\u00bb custom_padding=\u00bb63px||63px||true|false\u00bb global_colors_info=\u00bb{}\u00bb][et_pb_row _builder_version=\u00bb4.20.4&#8243; _module_preset=\u00bbdefault\u00bb global_colors_info=\u00bb{}\u00bb][et_pb_column type=\u00bb4_4&#8243; _builder_version=\u00bb4.20.4&#8243; _module_preset=\u00bbdefault\u00bb global_colors_info=\u00bb{}\u00bb][et_pb_text _builder_version=\u00bb4.20.4&#8243; _module_preset=\u00bbb5629d61-8761-48a4-843a-08bad35c28b0&#8243; header_2_font=\u00bbPoppins|700|||||||\u00bb header_2_text_align=\u00bbcenter\u00bb header_2_text_color=\u00bb#1c4149&#8243; header_2_font_size=\u00bb46px\u00bb header_2_line_height=\u00bb1.2em\u00bb text_orientation=\u00bbcenter\u00bb max_width=\u00bb900px\u00bb module_alignment=\u00bbcenter\u00bb header_2_font_size_tablet=\u00bb32px\u00bb header_2_font_size_phone=\u00bb18px\u00bb header_2_font_size_last_edited=\u00bbon|phone\u00bb locked=\u00bboff\u00bb global_colors_info=\u00bb{}\u00bb]<\/p>\n<h2>Visite y reg\u00edstrese gratuitamente en nuestra plataforma de formaci\u00f3n<\/h2>\n<p>[\/et_pb_text][et_pb_button button_url=\u00bbhttps:\/\/platform.youthies.eu\/\u00bb url_new_window=\u00bbon\u00bb button_text=\u00bbPlataforma Youthies\u00bb button_alignment=\u00bbcenter\u00bb _builder_version=\u00bb4.20.4&#8243; _module_preset=\u00bbdefault\u00bb custom_button=\u00bbon\u00bb button_text_size=\u00bb15px\u00bb button_text_color=\u00bb#fedf5b\u00bb button_bg_color=\u00bb#1c4149&#8243; button_border_width=\u00bb0px\u00bb button_border_radius=\u00bb8px\u00bb button_letter_spacing=\u00bb1px\u00bb button_font=\u00bbPoppins|500||on|||||\u00bb button_icon=\u00bb&#xf51c;||fa||900&#8243; button_on_hover=\u00bboff\u00bb custom_padding=\u00bb15px||15px|10px|true|false\u00bb button_text_size_tablet=\u00bb14px\u00bb button_text_size_phone=\u00bb14px\u00bb button_text_size_last_edited=\u00bbon|phone\u00bb button_border_radius_tablet=\u00bb6px\u00bb button_border_radius_phone=\u00bb4px\u00bb button_border_radius_last_edited=\u00bbon|phone\u00bb global_colors_info=\u00bb{%22gcid-4721c02e-63da-4985-9f86-80b98bb29c52%22:%91%22button_bg_color%22,%22button_bg_color%22%93,%22gcid-3bcfc9e8-40d7-422e-a60f-3fa9ff8f4895%22:%91%93}\u00bb][\/et_pb_button][\/et_pb_column][\/et_pb_row][\/et_pb_section][et_pb_section fb_built=\u00bb1&#8243; admin_label=\u00bbFeature\u00bb _builder_version=\u00bb4.20.4&#8243; _module_preset=\u00bbdefault\u00bb background_image=\u00bbhttps:\/\/youthies.eu\/wp-content\/uploads\/2023\/04\/Recurso-1logo.png\u00bb background_size=\u00bbcontain\u00bb background_position=\u00bbcenter_left\u00bb locked=\u00bboff\u00bb global_colors_info=\u00bb{}\u00bb][et_pb_row _builder_version=\u00bb4.16&#8243; _module_preset=\u00bbdefault\u00bb global_colors_info=\u00bb{}\u00bb][et_pb_column type=\u00bb4_4&#8243; _builder_version=\u00bb4.16&#8243; _module_preset=\u00bbdefault\u00bb global_colors_info=\u00bb{}\u00bb][et_pb_text _builder_version=\u00bb4.27.4&#8243; _module_preset=\u00bbb5629d61-8761-48a4-843a-08bad35c28b0&#8243; header_2_font=\u00bbPoppins|700|||||||\u00bb header_2_text_align=\u00bbcenter\u00bb header_2_text_color=\u00bb#1c4149&#8243; header_2_font_size=\u00bb46px\u00bb header_2_line_height=\u00bb1.2em\u00bb text_orientation=\u00bbcenter\u00bb max_width=\u00bb900px\u00bb module_alignment=\u00bbcenter\u00bb hover_enabled=\u00bb0&#8243; header_2_font_size_tablet=\u00bb32px\u00bb header_2_font_size_phone=\u00bb18px\u00bb header_2_font_size_last_edited=\u00bbon|phone\u00bb locked=\u00bboff\u00bb global_colors_info=\u00bb{}\u00bb sticky_enabled=\u00bb0&#8243;]<\/p>\n<h2><span>Folleto del proyecto<\/span><\/h2>\n<p>[\/et_pb_text][\/et_pb_column][\/et_pb_row][et_pb_row _builder_version=\u00bb4.20.4&#8243; _module_preset=\u00bbdefault\u00bb global_colors_info=\u00bb{}\u00bb column_structure=\u00bb1_5,3_5,1_5&#8243;][et_pb_column type=\u00bb1_5&#8243; _builder_version=\u00bb4.20.4&#8243; _module_preset=\u00bbdefault\u00bb global_colors_info=\u00bb{}\u00bb][\/et_pb_column][et_pb_column type=\u00bb3_5&#8243; _builder_version=\u00bb4.20.4&#8243; _module_preset=\u00bbdefault\u00bb global_colors_info=\u00bb{}\u00bb][et_pb_image src=\u00bbhttps:\/\/youthies.eu\/wp-content\/uploads\/2025\/04\/LEAFLET-SPANISH-1.jpg\u00bb _builder_version=\u00bb4.27.4&#8243; _module_preset=\u00bbdefault\u00bb title_text=\u00bbLEAFLET-SPANISH-1&#8243; hover_enabled=\u00bb0&#8243; sticky_enabled=\u00bb0&#8243;][\/et_pb_image][et_pb_button button_text=\u00bbDescargar\u00bb button_alignment=\u00bbcenter\u00bb _builder_version=\u00bb4.27.4&#8243; _module_preset=\u00bb0f8e2902-400b-4a16-ae0c-6ce94c1ae4d0&#8243; custom_button=\u00bbon\u00bb button_text_size=\u00bb15px\u00bb button_text_color=\u00bb#1c4149&#8243; button_bg_color=\u00bb#00f0c2&#8243; button_border_width=\u00bb0px\u00bb button_border_radius=\u00bb8px\u00bb button_letter_spacing=\u00bb1px\u00bb button_font=\u00bbPoppins|600||on|||||\u00bb button_icon=\u00bb&#xf305;||fa||900&#8243; button_on_hover=\u00bboff\u00bb custom_margin=\u00bb||||false|false\u00bb custom_padding=\u00bb16px||16px||true|false\u00bb custom_padding_tablet=\u00bb12px|25px|12px|25px|true|true\u00bb custom_padding_phone=\u00bb12px|20px|12px|20px|true|true\u00bb custom_padding_last_edited=\u00bboff|desktop\u00bb hover_enabled=\u00bb0&#8243; button_text_size_tablet=\u00bb14px\u00bb button_text_size_phone=\u00bb14px\u00bb button_text_size_last_edited=\u00bbon|phone\u00bb button_bg_color_last_edited=\u00bboff|desktop\u00bb button_border_radius_tablet=\u00bb6px\u00bb button_border_radius_phone=\u00bb4px\u00bb button_border_radius_last_edited=\u00bbon|phone\u00bb locked=\u00bboff\u00bb global_colors_info=\u00bb{%22gcid-4721c02e-63da-4985-9f86-80b98bb29c52%22:%91%22button_bg_color%22%93,%22gcid-3bcfc9e8-40d7-422e-a60f-3fa9ff8f4895%22:%91%93}\u00bb button_bg_color__hover=\u00bb#2ad47f\u00bb button_bg_color__hover_enabled=\u00bboff|desktop\u00bb button_url=\u00bbhttps:\/\/youthies.eu\/wp-content\/uploads\/2025\/04\/LEAFLET-SPANISH.pdf\u00bb sticky_enabled=\u00bb0&#8243;][\/et_pb_button][\/et_pb_column][et_pb_column type=\u00bb1_5&#8243; _builder_version=\u00bb4.20.4&#8243; _module_preset=\u00bbdefault\u00bb global_colors_info=\u00bb{}\u00bb][\/et_pb_column][\/et_pb_row][\/et_pb_section][et_pb_section fb_built=\u00bb1&#8243; admin_label=\u00bbFeature\u00bb _builder_version=\u00bb4.20.4&#8243; _module_preset=\u00bbdefault\u00bb background_image=\u00bbhttps:\/\/youthies.eu\/wp-content\/uploads\/2023\/04\/Recurso-1logo-copia.png\u00bb background_size=\u00bbcontain\u00bb background_position=\u00bbcenter_right\u00bb locked=\u00bboff\u00bb global_colors_info=\u00bb{}\u00bb][et_pb_row _builder_version=\u00bb4.16&#8243; _module_preset=\u00bbdefault\u00bb global_colors_info=\u00bb{}\u00bb][et_pb_column type=\u00bb4_4&#8243; _builder_version=\u00bb4.16&#8243; _module_preset=\u00bbdefault\u00bb global_colors_info=\u00bb{}\u00bb][et_pb_text _builder_version=\u00bb4.20.4&#8243; _module_preset=\u00bbb5629d61-8761-48a4-843a-08bad35c28b0&#8243; header_2_font=\u00bbPoppins|700|||||||\u00bb header_2_text_align=\u00bbcenter\u00bb header_2_text_color=\u00bb#1c4149&#8243; header_2_font_size=\u00bb46px\u00bb header_2_line_height=\u00bb1.2em\u00bb text_orientation=\u00bbcenter\u00bb max_width=\u00bb900px\u00bb module_alignment=\u00bbcenter\u00bb header_2_font_size_tablet=\u00bb32px\u00bb header_2_font_size_phone=\u00bb18px\u00bb header_2_font_size_last_edited=\u00bbon|phone\u00bb locked=\u00bboff\u00bb global_colors_info=\u00bb{}\u00bb]<\/p>\n<h2>\u00daltimas noticias<\/h2>\n<p>[\/et_pb_text][\/et_pb_column][\/et_pb_row][et_pb_row _builder_version=\u00bb4.20.4&#8243; _module_preset=\u00bbdefault\u00bb global_colors_info=\u00bb{}\u00bb][et_pb_column type=\u00bb4_4&#8243; _builder_version=\u00bb4.20.4&#8243; _module_preset=\u00bbdefault\u00bb global_colors_info=\u00bb{}\u00bb][et_pb_blog fullwidth=\u00bboff\u00bb include_categories=\u00bb48&#8243; excerpt_length=\u00bb120&#8243; show_more=\u00bbon\u00bb show_author=\u00bboff\u00bb show_categories=\u00bboff\u00bb show_pagination=\u00bboff\u00bb _builder_version=\u00bb4.20.4&#8243; _module_preset=\u00bbdefault\u00bb header_font=\u00bbPoppins|600|||||||\u00bb header_text_color=\u00bb#1c4149&#8243; body_font=\u00bbLato||||||||\u00bb body_font_size=\u00bb15px\u00bb body_line_height=\u00bb1.6em\u00bb meta_font=\u00bbLato||||||||\u00bb read_more_font=\u00bbPoppins|700|||||||\u00bb read_more_text_color=\u00bb#1c4149&#8243; border_radii=\u00bbon|10px|10px|10px|10px\u00bb border_width_all=\u00bb0px\u00bb box_shadow_style=\u00bbpreset2&#8243; global_colors_info=\u00bb{}\u00bb][\/et_pb_blog][\/et_pb_column][\/et_pb_row][et_pb_row _builder_version=\u00bb4.16&#8243; _module_preset=\u00bbdefault\u00bb global_colors_info=\u00bb{}\u00bb][et_pb_column type=\u00bb4_4&#8243; _builder_version=\u00bb4.16&#8243; _module_preset=\u00bbdefault\u00bb global_colors_info=\u00bb{}\u00bb][et_pb_button button_text=\u00bbVer m\u00e1s\u00bb button_alignment=\u00bbleft\u00bb _builder_version=\u00bb4.20.4&#8243; _module_preset=\u00bb0f8e2902-400b-4a16-ae0c-6ce94c1ae4d0&#8243; custom_button=\u00bbon\u00bb button_text_size=\u00bb15px\u00bb button_text_color=\u00bb#1c4149&#8243; button_bg_color=\u00bb#00f0c2&#8243; button_border_width=\u00bb0px\u00bb button_border_radius=\u00bb8px\u00bb button_letter_spacing=\u00bb1px\u00bb button_font=\u00bbPoppins|600||on|||||\u00bb button_icon=\u00bb&#xf305;||fa||900&#8243; button_on_hover=\u00bboff\u00bb custom_margin=\u00bb||||false|false\u00bb custom_padding=\u00bb16px||16px||true|false\u00bb custom_padding_tablet=\u00bb12px|25px|12px|25px|true|true\u00bb custom_padding_phone=\u00bb12px|20px|12px|20px|true|true\u00bb custom_padding_last_edited=\u00bboff|desktop\u00bb button_text_size_tablet=\u00bb14px\u00bb button_text_size_phone=\u00bb14px\u00bb button_text_size_last_edited=\u00bbon|phone\u00bb button_bg_color_last_edited=\u00bboff|desktop\u00bb button_border_radius_tablet=\u00bb6px\u00bb button_border_radius_phone=\u00bb4px\u00bb button_border_radius_last_edited=\u00bbon|phone\u00bb locked=\u00bboff\u00bb global_colors_info=\u00bb{%22gcid-4721c02e-63da-4985-9f86-80b98bb29c52%22:%91%22button_bg_color%22%93,%22gcid-3bcfc9e8-40d7-422e-a60f-3fa9ff8f4895%22:%91%93}\u00bb button_bg_color__hover=\u00bb#2ad47f\u00bb button_bg_color__hover_enabled=\u00bboff|desktop\u00bb][\/et_pb_button][\/et_pb_column][\/et_pb_row][\/et_pb_section][et_pb_section fb_built=\u00bb1&#8243; admin_label=\u00bbFeature\u00bb _builder_version=\u00bb4.20.4&#8243; _module_preset=\u00bbdefault\u00bb background_image=\u00bbhttps:\/\/youthies.eu\/wp-content\/uploads\/2023\/04\/Recurso-1logo.png\u00bb background_size=\u00bbcontain\u00bb background_position=\u00bbcenter_left\u00bb locked=\u00bboff\u00bb global_colors_info=\u00bb{}\u00bb][et_pb_row _builder_version=\u00bb4.16&#8243; _module_preset=\u00bbdefault\u00bb global_colors_info=\u00bb{}\u00bb][et_pb_column type=\u00bb4_4&#8243; _builder_version=\u00bb4.16&#8243; _module_preset=\u00bbdefault\u00bb global_colors_info=\u00bb{}\u00bb][et_pb_text _builder_version=\u00bb4.20.4&#8243; _module_preset=\u00bbb5629d61-8761-48a4-843a-08bad35c28b0&#8243; header_2_font=\u00bbPoppins|700|||||||\u00bb header_2_text_align=\u00bbcenter\u00bb header_2_text_color=\u00bb#1c4149&#8243; header_2_font_size=\u00bb46px\u00bb header_2_line_height=\u00bb1.2em\u00bb text_orientation=\u00bbcenter\u00bb max_width=\u00bb900px\u00bb module_alignment=\u00bbcenter\u00bb header_2_font_size_tablet=\u00bb32px\u00bb header_2_font_size_phone=\u00bb18px\u00bb header_2_font_size_last_edited=\u00bbon|phone\u00bb locked=\u00bboff\u00bb global_colors_info=\u00bb{}\u00bb]<\/p>\n<h2><span>Comunicados de Prensa<\/span><\/h2>\n<p>[\/et_pb_text][\/et_pb_column][\/et_pb_row][et_pb_row _builder_version=\u00bb4.20.4&#8243; _module_preset=\u00bbdefault\u00bb global_colors_info=\u00bb{}\u00bb][et_pb_column type=\u00bb4_4&#8243; _builder_version=\u00bb4.20.4&#8243; _module_preset=\u00bbdefault\u00bb global_colors_info=\u00bb{}\u00bb][et_pb_blog fullwidth=\u00bboff\u00bb include_categories=\u00bb38&#8243; excerpt_length=\u00bb120&#8243; show_more=\u00bbon\u00bb show_author=\u00bboff\u00bb show_categories=\u00bboff\u00bb show_pagination=\u00bboff\u00bb _builder_version=\u00bb4.20.4&#8243; _module_preset=\u00bbdefault\u00bb header_font=\u00bbPoppins|600|||||||\u00bb header_text_color=\u00bb#1c4149&#8243; body_font=\u00bbLato||||||||\u00bb body_font_size=\u00bb15px\u00bb body_line_height=\u00bb1.6em\u00bb meta_font=\u00bbLato||||||||\u00bb read_more_font=\u00bbPoppins|700|||||||\u00bb read_more_text_color=\u00bb#1c4149&#8243; border_radii=\u00bbon|10px|10px|10px|10px\u00bb border_width_all=\u00bb0px\u00bb box_shadow_style=\u00bbpreset2&#8243; global_colors_info=\u00bb{}\u00bb][\/et_pb_blog][\/et_pb_column][\/et_pb_row][et_pb_row _builder_version=\u00bb4.16&#8243; _module_preset=\u00bbdefault\u00bb global_colors_info=\u00bb{}\u00bb][et_pb_column type=\u00bb4_4&#8243; _builder_version=\u00bb4.16&#8243; _module_preset=\u00bbdefault\u00bb global_colors_info=\u00bb{}\u00bb][et_pb_button button_text=\u00bbVer m\u00e1s\u00bb button_alignment=\u00bbleft\u00bb _builder_version=\u00bb4.20.4&#8243; _module_preset=\u00bb0f8e2902-400b-4a16-ae0c-6ce94c1ae4d0&#8243; custom_button=\u00bbon\u00bb button_text_size=\u00bb15px\u00bb button_text_color=\u00bb#1c4149&#8243; button_bg_color=\u00bb#00f0c2&#8243; button_border_width=\u00bb0px\u00bb button_border_radius=\u00bb8px\u00bb button_letter_spacing=\u00bb1px\u00bb button_font=\u00bbPoppins|600||on|||||\u00bb button_icon=\u00bb&#xf305;||fa||900&#8243; button_on_hover=\u00bboff\u00bb custom_margin=\u00bb||||false|false\u00bb custom_padding=\u00bb16px||16px||true|false\u00bb custom_padding_tablet=\u00bb12px|25px|12px|25px|true|true\u00bb custom_padding_phone=\u00bb12px|20px|12px|20px|true|true\u00bb custom_padding_last_edited=\u00bboff|desktop\u00bb button_text_size_tablet=\u00bb14px\u00bb button_text_size_phone=\u00bb14px\u00bb button_text_size_last_edited=\u00bbon|phone\u00bb button_bg_color_last_edited=\u00bboff|desktop\u00bb button_border_radius_tablet=\u00bb6px\u00bb button_border_radius_phone=\u00bb4px\u00bb button_border_radius_last_edited=\u00bbon|phone\u00bb locked=\u00bboff\u00bb global_colors_info=\u00bb{%22gcid-4721c02e-63da-4985-9f86-80b98bb29c52%22:%91%22button_bg_color%22%93,%22gcid-3bcfc9e8-40d7-422e-a60f-3fa9ff8f4895%22:%91%93}\u00bb button_bg_color__hover=\u00bb#2ad47f\u00bb button_bg_color__hover_enabled=\u00bboff|desktop\u00bb][\/et_pb_button][\/et_pb_column][\/et_pb_row][\/et_pb_section][et_pb_section fb_built=\u00bb1&#8243; _builder_version=\u00bb4.20.4&#8243; _module_preset=\u00bbdefault\u00bb custom_padding=\u00bb9px||0px|||\u00bb global_colors_info=\u00bb{}\u00bb][et_pb_row _builder_version=\u00bb4.20.4&#8243; _module_preset=\u00bbdefault\u00bb global_colors_info=\u00bb{}\u00bb][et_pb_column type=\u00bb4_4&#8243; _builder_version=\u00bb4.20.4&#8243; _module_preset=\u00bbdefault\u00bb global_colors_info=\u00bb{}\u00bb][et_pb_text _builder_version=\u00bb4.20.4&#8243; _module_preset=\u00bbb5629d61-8761-48a4-843a-08bad35c28b0&#8243; header_2_font=\u00bbPoppins|700|||||||\u00bb header_2_text_align=\u00bbcenter\u00bb header_2_text_color=\u00bb#1c4149&#8243; header_2_font_size=\u00bb46px\u00bb header_2_line_height=\u00bb1.2em\u00bb text_orientation=\u00bbcenter\u00bb max_width=\u00bb900px\u00bb module_alignment=\u00bbcenter\u00bb header_2_font_size_tablet=\u00bb32px\u00bb header_2_font_size_phone=\u00bb18px\u00bb header_2_font_size_last_edited=\u00bbon|phone\u00bb locked=\u00bboff\u00bb global_colors_info=\u00bb{}\u00bb]<\/p>\n<h2>S\u00edguenos en redes sociales<\/h2>\n<p>[\/et_pb_text][et_pb_social_media_follow use_icon_font_size=\u00bbon\u00bb icon_font_size=\u00bb30px\u00bb _builder_version=\u00bb4.20.4&#8243; _module_preset=\u00bbdefault\u00bb text_orientation=\u00bbcenter\u00bb global_colors_info=\u00bb{}\u00bb][et_pb_social_media_follow_network social_network=\u00bbfacebook\u00bb url=\u00bbhttps:\/\/www.facebook.com\/profile.php?id=100092485641142&#8243; _builder_version=\u00bb4.20.4&#8243; _module_preset=\u00bbdefault\u00bb background_color=\u00bb#3b5998&#8243; global_colors_info=\u00bb{}\u00bb follow_button=\u00bboff\u00bb url_new_window=\u00bbon\u00bb]facebook[\/et_pb_social_media_follow_network][et_pb_social_media_follow_network social_network=\u00bbinstagram\u00bb url=\u00bbhttps:\/\/www.instagram.com\/youthies_project\u00bb use_icon_font_size=\u00bbon\u00bb _builder_version=\u00bb4.20.4&#8243; _module_preset=\u00bbdefault\u00bb background_color=\u00bb#ea2c59&#8243; global_colors_info=\u00bb{}\u00bb follow_button=\u00bboff\u00bb url_new_window=\u00bbon\u00bb]instagram[\/et_pb_social_media_follow_network][\/et_pb_social_media_follow][\/et_pb_column][\/et_pb_row][\/et_pb_section][et_pb_section fb_built=\u00bb1&#8243; _builder_version=\u00bb4.20.4&#8243; _module_preset=\u00bbdefault\u00bb background_color=\u00bb#ffdf5b\u00bb custom_margin=\u00bb100px|||||\u00bb custom_padding=\u00bb||3px|||\u00bb saved_tabs=\u00bball\u00bb global_colors_info=\u00bb{}\u00bb][et_pb_row column_structure=\u00bb1_3,1_3,1_3&#8243; _builder_version=\u00bb4.20.4&#8243; _module_preset=\u00bbdefault\u00bb max_width=\u00bb1400px\u00bb global_colors_info=\u00bb{}\u00bb][et_pb_column type=\u00bb1_3&#8243; _builder_version=\u00bb4.20.4&#8243; _module_preset=\u00bbdefault\u00bb global_colors_info=\u00bb{}\u00bb][et_pb_image src=\u00bbhttps:\/\/youthies.eu\/wp-content\/uploads\/2023\/04\/erasmus_logo.png\u00bb title_text=\u00bberasmus_logo\u00bb _builder_version=\u00bb4.20.4&#8243; _module_preset=\u00bbdefault\u00bb global_colors_info=\u00bb{}\u00bb][\/et_pb_image][\/et_pb_column][et_pb_column type=\u00bb1_3&#8243; _builder_version=\u00bb4.20.4&#8243; _module_preset=\u00bbdefault\u00bb global_colors_info=\u00bb{}\u00bb][et_pb_text _builder_version=\u00bb4.20.4&#8243; _module_preset=\u00bbdefault\u00bb text_font=\u00bbPoppins|700|||||||\u00bb text_text_color=\u00bb#1c4149&#8243; text_font_size=\u00bb20px\u00bb custom_margin=\u00bb||19px|||\u00bb global_colors_info=\u00bb{}\u00bb]<\/p>\n<p>Contacto<\/p>\n<p>[\/et_pb_text][et_pb_blurb title=\u00bbyouthiesproject@gmail.com\u00bb use_icon=\u00bbon\u00bb font_icon=\u00bb&#xe076;||divi||400&#8243; icon_color=\u00bb#1c4149&#8243; icon_placement=\u00bbleft\u00bb image_icon_width=\u00bb22px\u00bb content_max_width=\u00bb100%\u00bb image_icon_width_tablet=\u00bb22px\u00bb image_icon_width_phone=\u00bb20px\u00bb image_icon_width_last_edited=\u00bbon|tablet\u00bb _builder_version=\u00bb4.20.4&#8243; _module_preset=\u00bb8fb9350d-ef42-473d-92d7-8a3a25dbee4e\u00bb header_font=\u00bbWork Sans||||||||\u00bb header_text_align=\u00bbleft\u00bb header_text_color=\u00bb#1c4149&#8243; header_font_size=\u00bb16px\u00bb header_line_height=\u00bb1.2em\u00bb body_font=\u00bbWork Sans||||||||\u00bb body_text_color=\u00bb#000000&#8243; body_line_height=\u00bb1.6em\u00bb custom_margin=\u00bb||10px||false|false\u00bb animation=\u00bboff\u00bb header_font_size_tablet=\u00bb14px\u00bb header_font_size_phone=\u00bb\u00bb header_font_size_last_edited=\u00bbon|phone\u00bb body_font_size_tablet=\u00bb\u00bb body_font_size_phone=\u00bb14px\u00bb body_font_size_last_edited=\u00bbon|phone\u00bb image_max_width=\u00bb22px\u00bb image_max_width_tablet=\u00bb22px\u00bb image_max_width_phone=\u00bb20px\u00bb image_max_width_last_edited=\u00bbon|tablet\u00bb locked=\u00bboff\u00bb global_colors_info=\u00bb{%22gcid-4721c02e-63da-4985-9f86-80b98bb29c52%22:%91%22header_text_color%22,%22header_text_color%22%93}\u00bb][\/et_pb_blurb][\/et_pb_column][et_pb_column type=\u00bb1_3&#8243; _builder_version=\u00bb4.20.4&#8243; _module_preset=\u00bbdefault\u00bb global_colors_info=\u00bb{}\u00bb][et_pb_contact_form _builder_version=\u00bb4.20.4&#8243; _module_preset=\u00bbdefault\u00bb _unique_id=\u00bb0413333e-d903-4abd-9aed-c8442af00ca0&#8243; captcha_font=\u00bbPoppins||||||||\u00bb captcha_text_color=\u00bb#1c4149&#8243; custom_button=\u00bbon\u00bb button_text_size=\u00bb15px\u00bb button_text_color=\u00bb#00f0c2&#8243; button_bg_color=\u00bb#1c4149&#8243; button_border_width=\u00bb0px\u00bb button_border_radius=\u00bb8px\u00bb button_letter_spacing=\u00bb1px\u00bb button_font=\u00bbPoppins|500||on|||||\u00bb button_icon=\u00bb&#xf51c;||fa||900&#8243; button_on_hover=\u00bboff\u00bb button_text_size_tablet=\u00bb14px\u00bb button_text_size_phone=\u00bb14px\u00bb button_text_size_last_edited=\u00bbon|phone\u00bb button_border_radius_tablet=\u00bb6px\u00bb button_border_radius_phone=\u00bb4px\u00bb button_border_radius_last_edited=\u00bbon|phone\u00bb global_colors_info=\u00bb{%22gcid-4721c02e-63da-4985-9f86-80b98bb29c52%22:%91%22button_bg_color%22%93,%22gcid-3bcfc9e8-40d7-422e-a60f-3fa9ff8f4895%22:%91%93}\u00bb][et_pb_contact_field field_id=\u00bbName\u00bb field_title=\u00bbNombre\u00bb _builder_version=\u00bb4.20.4&#8243; form_field_text_color=\u00bb#1c4149&#8243; form_field_font=\u00bbPoppins||||||||\u00bb global_colors_info=\u00bb{}\u00bb button_text_size__hover_enabled=\u00bboff\u00bb button_one_text_size__hover_enabled=\u00bboff\u00bb button_two_text_size__hover_enabled=\u00bboff\u00bb button_text_color__hover_enabled=\u00bboff\u00bb button_one_text_color__hover_enabled=\u00bboff\u00bb button_two_text_color__hover_enabled=\u00bboff\u00bb button_border_width__hover_enabled=\u00bboff\u00bb button_one_border_width__hover_enabled=\u00bboff\u00bb button_two_border_width__hover_enabled=\u00bboff\u00bb button_border_color__hover_enabled=\u00bboff\u00bb button_one_border_color__hover_enabled=\u00bboff\u00bb button_two_border_color__hover_enabled=\u00bboff\u00bb button_border_radius__hover_enabled=\u00bboff\u00bb button_one_border_radius__hover_enabled=\u00bboff\u00bb button_two_border_radius__hover_enabled=\u00bboff\u00bb button_letter_spacing__hover_enabled=\u00bboff\u00bb button_one_letter_spacing__hover_enabled=\u00bboff\u00bb button_two_letter_spacing__hover_enabled=\u00bboff\u00bb button_bg_color__hover_enabled=\u00bboff\u00bb button_one_bg_color__hover_enabled=\u00bboff\u00bb button_two_bg_color__hover_enabled=\u00bboff\u00bb][\/et_pb_contact_field][et_pb_contact_field field_id=\u00bbEmail\u00bb field_title=\u00bbEmail\u00bb field_type=\u00bbemail\u00bb _builder_version=\u00bb4.20.4&#8243; form_field_text_color=\u00bb#1c4149&#8243; form_field_font=\u00bbPoppins||||||||\u00bb global_colors_info=\u00bb{}\u00bb button_text_size__hover_enabled=\u00bboff\u00bb button_one_text_size__hover_enabled=\u00bboff\u00bb button_two_text_size__hover_enabled=\u00bboff\u00bb button_text_color__hover_enabled=\u00bboff\u00bb button_one_text_color__hover_enabled=\u00bboff\u00bb button_two_text_color__hover_enabled=\u00bboff\u00bb button_border_width__hover_enabled=\u00bboff\u00bb button_one_border_width__hover_enabled=\u00bboff\u00bb button_two_border_width__hover_enabled=\u00bboff\u00bb button_border_color__hover_enabled=\u00bboff\u00bb button_one_border_color__hover_enabled=\u00bboff\u00bb button_two_border_color__hover_enabled=\u00bboff\u00bb button_border_radius__hover_enabled=\u00bboff\u00bb button_one_border_radius__hover_enabled=\u00bboff\u00bb button_two_border_radius__hover_enabled=\u00bboff\u00bb button_letter_spacing__hover_enabled=\u00bboff\u00bb button_one_letter_spacing__hover_enabled=\u00bboff\u00bb button_two_letter_spacing__hover_enabled=\u00bboff\u00bb button_bg_color__hover_enabled=\u00bboff\u00bb button_one_bg_color__hover_enabled=\u00bboff\u00bb button_two_bg_color__hover_enabled=\u00bboff\u00bb][\/et_pb_contact_field][et_pb_contact_field field_id=\u00bbMessage\u00bb field_title=\u00bbMensaje\u00bb field_type=\u00bbtext\u00bb fullwidth_field=\u00bbon\u00bb _builder_version=\u00bb4.20.4&#8243; form_field_text_color=\u00bb#1c4149&#8243; form_field_font=\u00bbPoppins||||||||\u00bb global_colors_info=\u00bb{}\u00bb button_text_size__hover_enabled=\u00bboff\u00bb button_one_text_size__hover_enabled=\u00bboff\u00bb button_two_text_size__hover_enabled=\u00bboff\u00bb button_text_color__hover_enabled=\u00bboff\u00bb button_one_text_color__hover_enabled=\u00bboff\u00bb button_two_text_color__hover_enabled=\u00bboff\u00bb button_border_width__hover_enabled=\u00bboff\u00bb button_one_border_width__hover_enabled=\u00bboff\u00bb button_two_border_width__hover_enabled=\u00bboff\u00bb button_border_color__hover_enabled=\u00bboff\u00bb button_one_border_color__hover_enabled=\u00bboff\u00bb button_two_border_color__hover_enabled=\u00bboff\u00bb button_border_radius__hover_enabled=\u00bboff\u00bb button_one_border_radius__hover_enabled=\u00bboff\u00bb button_two_border_radius__hover_enabled=\u00bboff\u00bb button_letter_spacing__hover_enabled=\u00bboff\u00bb button_one_letter_spacing__hover_enabled=\u00bboff\u00bb button_two_letter_spacing__hover_enabled=\u00bboff\u00bb button_bg_color__hover_enabled=\u00bboff\u00bb button_one_bg_color__hover_enabled=\u00bboff\u00bb button_two_bg_color__hover_enabled=\u00bboff\u00bb][\/et_pb_contact_field][\/et_pb_contact_form][\/et_pb_column][\/et_pb_row][\/et_pb_section]<\/p>\n","protected":false},"excerpt":{"rendered":"<p>Visite y reg\u00edstrese gratuitamente en nuestra plataforma de formaci\u00f3nFolleto del proyecto\u00daltimas noticiasComunicados de PrensaS\u00edguenos en redes socialesContacto<\/p>\n","protected":false},"author":1,"featured_media":0,"parent":0,"menu_order":0,"comment_status":"closed","ping_status":"closed","template":"","meta":{"_et_pb_use_builder":"on","_et_pb_old_content":"","_et_gb_content_width":"","footnotes":""},"dipi_cpt_category":[],"class_list":["post-23364789","page","type-page","status-publish","hentry"],"_links":{"self":[{"href":"https:\/\/youthies.eu\/es\/wp-json\/wp\/v2\/pages\/23364789","targetHints":{"allow":["GET"]}}],"collection":[{"href":"https:\/\/youthies.eu\/es\/wp-json\/wp\/v2\/pages"}],"about":[{"href":"https:\/\/youthies.eu\/es\/wp-json\/wp\/v2\/types\/page"}],"author":[{"embeddable":true,"href":"https:\/\/youthies.eu\/es\/wp-json\/wp\/v2\/users\/1"}],"replies":[{"embeddable":true,"href":"https:\/\/youthies.eu\/es\/wp-json\/wp\/v2\/comments?post=23364789"}],"version-history":[{"count":8,"href":"https:\/\/youthies.eu\/es\/wp-json\/wp\/v2\/pages\/23364789\/revisions"}],"predecessor-version":[{"id":23365182,"href":"https:\/\/youthies.eu\/es\/wp-json\/wp\/v2\/pages\/23364789\/revisions\/23365182"}],"wp:attachment":[{"href":"https:\/\/youthies.eu\/es\/wp-json\/wp\/v2\/media?parent=23364789"}],"wp:term":[{"taxonomy":"dipi_cpt_category","embeddable":true,"href":"https:\/\/youthies.eu\/es\/wp-json\/wp\/v2\/dipi_cpt_category?post=23364789"}],"curies":[{"name":"wp","href":"https:\/\/api.w.org\/{rel}","templated":true}]}}